{"id":33,"date":"2023-06-02T16:19:02","date_gmt":"2023-06-02T13:19:02","guid":{"rendered":"https:\/\/ketonen-import.com\/testisivu\/"},"modified":"2023-06-02T19:25:41","modified_gmt":"2023-06-02T16:25:41","slug":"testisivu","status":"publish","type":"page","link":"https:\/\/ketonen-import.com\/fi\/testisivu\/","title":{"rendered":"Testisivu"},"content":{"rendered":"\t\t<div data-elementor-type=\"wp-page\" data-elementor-id=\"33\" class=\"elementor elementor-33 elementor-28\" data-elementor-post-type=\"page\">\n\t\t\t\t<div class=\"elementor-element elementor-element-e5b491e e-flex e-con-boxed e-con e-parent\" data-id=\"e5b491e\" data-element_type=\"container\" data-e-type=\"container\">\n\t\t\t\t\t<div class=\"e-con-inner\">\n\t\t\t\t<div class=\"elementor-element elementor-element-8475525 elementor-widget elementor-widget-heading\" data-id=\"8475525\" data-element_type=\"widget\" data-e-type=\"widget\" data-widget_type=\"heading.default\">\n\t\t\t\t<div class=\"elementor-widget-container\">\n\t\t\t\t\t<h2 class=\"elementor-heading-title elementor-size-default\">Liss\u00e4\u00e4 otsikko t\u00e4nne<\/h2>\t\t\t\t<\/div>\n\t\t\t\t<\/div>\n\t\t\t\t<div class=\"elementor-element elementor-element-439d804 elementor-widget elementor-widget-text-editor\" data-id=\"439d804\" data-element_type=\"widget\" data-e-type=\"widget\" data-widget_type=\"text-editor.default\">\n\t\t\t\t<div class=\"elementor-widget-container\">\n\t\t\t\t\t\t\t\t\t<p>Lorem ipsum dolor sit amet, consectetur adipiscing elit. Ut elit tellus, luctus nec ullamcorper mattis, pulvinar dapibus leo.<\/p>\t\t\t\t\t\t\t\t<\/div>\n\t\t\t\t<\/div>\n\t\t\t\t\t<\/div>\n\t\t\t\t<\/div>\n\t\t\t\t<\/div>\n\t\t","protected":false},"excerpt":{"rendered":"<p>Liss\u00e4\u00e4 otsikko t\u00e4nne Lorem ipsum dolor sit amet, consectetur adipiscing elit. Ut elit tellus, luctus nec ullamcorper mattis, pulvinar dapibus leo.<\/p>\n","protected":false},"author":1,"featured_media":0,"parent":0,"menu_order":0,"comment_status":"closed","ping_status":"closed","template":"elementor_canvas","meta":{"footnotes":""},"class_list":["post-33","page","type-page","status-publish","hentry"],"yoast_head":"<!-- This site is optimized with the Yoast SEO plugin v27.0 - https:\/\/yoast.com\/product\/yoast-seo-wordpress\/ -->\n<title>Testisivu - Ketonen import export<\/title>\n<meta name=\"robots\" content=\"index, follow, max-snippet:-1, max-image-preview:large, max-video-preview:-1\" \/>\n<link rel=\"canonical\" href=\"https:\/\/ketonen-import.com\/fi\/testisivu\/\" \/>\n<meta property=\"og:locale\" content=\"fi_FI\" \/>\n<meta property=\"og:type\" content=\"article\" \/>\n<meta property=\"og:title\" content=\"Testisivu - Ketonen import export\" \/>\n<meta property=\"og:description\" content=\"Liss\u00e4\u00e4 otsikko t\u00e4nne Lorem ipsum dolor sit amet, consectetur adipiscing elit. Ut elit tellus, luctus nec ullamcorper mattis, pulvinar dapibus leo.\" \/>\n<meta property=\"og:url\" content=\"https:\/\/ketonen-import.com\/fi\/testisivu\/\" \/>\n<meta property=\"og:site_name\" content=\"Ketonen import export\" \/>\n<meta property=\"article:modified_time\" content=\"2023-06-02T16:25:41+00:00\" \/>\n<meta name=\"twitter:card\" content=\"summary_large_image\" \/>\n<script type=\"application\/ld+json\" class=\"yoast-schema-graph\">{\"@context\":\"https:\/\/schema.org\",\"@graph\":[{\"@type\":\"WebPage\",\"@id\":\"https:\/\/ketonen-import.com\/fi\/testisivu\/\",\"url\":\"https:\/\/ketonen-import.com\/fi\/testisivu\/\",\"name\":\"Testisivu - Ketonen import export\",\"isPartOf\":{\"@id\":\"https:\/\/ketonen-import.com\/fi\/#website\"},\"datePublished\":\"2023-06-02T13:19:02+00:00\",\"dateModified\":\"2023-06-02T16:25:41+00:00\",\"breadcrumb\":{\"@id\":\"https:\/\/ketonen-import.com\/fi\/testisivu\/#breadcrumb\"},\"inLanguage\":\"fi\",\"potentialAction\":[{\"@type\":\"ReadAction\",\"target\":[\"https:\/\/ketonen-import.com\/fi\/testisivu\/\"]}]},{\"@type\":\"BreadcrumbList\",\"@id\":\"https:\/\/ketonen-import.com\/fi\/testisivu\/#breadcrumb\",\"itemListElement\":[{\"@type\":\"ListItem\",\"position\":1,\"name\":\"Home\",\"item\":\"https:\/\/ketonen-import.com\/fi\/\"},{\"@type\":\"ListItem\",\"position\":2,\"name\":\"Testisivu\"}]},{\"@type\":\"WebSite\",\"@id\":\"https:\/\/ketonen-import.com\/fi\/#website\",\"url\":\"https:\/\/ketonen-import.com\/fi\/\",\"name\":\"Ketonen import export\",\"description\":\"Finland Turkey Import Export\",\"publisher\":{\"@id\":\"https:\/\/ketonen-import.com\/fi\/#organization\"},\"potentialAction\":[{\"@type\":\"SearchAction\",\"target\":{\"@type\":\"EntryPoint\",\"urlTemplate\":\"https:\/\/ketonen-import.com\/fi\/?s={search_term_string}\"},\"query-input\":{\"@type\":\"PropertyValueSpecification\",\"valueRequired\":true,\"valueName\":\"search_term_string\"}}],\"inLanguage\":\"fi\"},{\"@type\":\"Organization\",\"@id\":\"https:\/\/ketonen-import.com\/fi\/#organization\",\"name\":\"Ketonen import export\",\"url\":\"https:\/\/ketonen-import.com\/fi\/\",\"logo\":{\"@type\":\"ImageObject\",\"inLanguage\":\"fi\",\"@id\":\"https:\/\/ketonen-import.com\/fi\/#\/schema\/logo\/image\/\",\"url\":\"https:\/\/ketonen-import.com\/wp-content\/uploads\/2023\/06\/Logo3-1.png\",\"contentUrl\":\"https:\/\/ketonen-import.com\/wp-content\/uploads\/2023\/06\/Logo3-1.png\",\"width\":450,\"height\":89,\"caption\":\"Ketonen import export\"},\"image\":{\"@id\":\"https:\/\/ketonen-import.com\/fi\/#\/schema\/logo\/image\/\"}}]}<\/script>\n<!-- \/ Yoast SEO plugin. -->","yoast_head_json":{"title":"Testisivu - Ketonen import export","robots":{"index":"index","follow":"follow","max-snippet":"max-snippet:-1","max-image-preview":"max-image-preview:large","max-video-preview":"max-video-preview:-1"},"canonical":"https:\/\/ketonen-import.com\/fi\/testisivu\/","og_locale":"fi_FI","og_type":"article","og_title":"Testisivu - Ketonen import export","og_description":"Liss\u00e4\u00e4 otsikko t\u00e4nne Lorem ipsum dolor sit amet, consectetur adipiscing elit. Ut elit tellus, luctus nec ullamcorper mattis, pulvinar dapibus leo.","og_url":"https:\/\/ketonen-import.com\/fi\/testisivu\/","og_site_name":"Ketonen import export","article_modified_time":"2023-06-02T16:25:41+00:00","twitter_card":"summary_large_image","schema":{"@context":"https:\/\/schema.org","@graph":[{"@type":"WebPage","@id":"https:\/\/ketonen-import.com\/fi\/testisivu\/","url":"https:\/\/ketonen-import.com\/fi\/testisivu\/","name":"Testisivu - Ketonen import export","isPartOf":{"@id":"https:\/\/ketonen-import.com\/fi\/#website"},"datePublished":"2023-06-02T13:19:02+00:00","dateModified":"2023-06-02T16:25:41+00:00","breadcrumb":{"@id":"https:\/\/ketonen-import.com\/fi\/testisivu\/#breadcrumb"},"inLanguage":"fi","potentialAction":[{"@type":"ReadAction","target":["https:\/\/ketonen-import.com\/fi\/testisivu\/"]}]},{"@type":"BreadcrumbList","@id":"https:\/\/ketonen-import.com\/fi\/testisivu\/#breadcrumb","itemListElement":[{"@type":"ListItem","position":1,"name":"Home","item":"https:\/\/ketonen-import.com\/fi\/"},{"@type":"ListItem","position":2,"name":"Testisivu"}]},{"@type":"WebSite","@id":"https:\/\/ketonen-import.com\/fi\/#website","url":"https:\/\/ketonen-import.com\/fi\/","name":"Ketonen import export","description":"Finland Turkey Import Export","publisher":{"@id":"https:\/\/ketonen-import.com\/fi\/#organization"},"potentialAction":[{"@type":"SearchAction","target":{"@type":"EntryPoint","urlTemplate":"https:\/\/ketonen-import.com\/fi\/?s={search_term_string}"},"query-input":{"@type":"PropertyValueSpecification","valueRequired":true,"valueName":"search_term_string"}}],"inLanguage":"fi"},{"@type":"Organization","@id":"https:\/\/ketonen-import.com\/fi\/#organization","name":"Ketonen import export","url":"https:\/\/ketonen-import.com\/fi\/","logo":{"@type":"ImageObject","inLanguage":"fi","@id":"https:\/\/ketonen-import.com\/fi\/#\/schema\/logo\/image\/","url":"https:\/\/ketonen-import.com\/wp-content\/uploads\/2023\/06\/Logo3-1.png","contentUrl":"https:\/\/ketonen-import.com\/wp-content\/uploads\/2023\/06\/Logo3-1.png","width":450,"height":89,"caption":"Ketonen import export"},"image":{"@id":"https:\/\/ketonen-import.com\/fi\/#\/schema\/logo\/image\/"}}]}},"_links":{"self":[{"href":"https:\/\/ketonen-import.com\/fi\/wp-json\/wp\/v2\/pages\/33","targetHints":{"allow":["GET"]}}],"collection":[{"href":"https:\/\/ketonen-import.com\/fi\/wp-json\/wp\/v2\/pages"}],"about":[{"href":"https:\/\/ketonen-import.com\/fi\/wp-json\/wp\/v2\/types\/page"}],"author":[{"embeddable":true,"href":"https:\/\/ketonen-import.com\/fi\/wp-json\/wp\/v2\/users\/1"}],"replies":[{"embeddable":true,"href":"https:\/\/ketonen-import.com\/fi\/wp-json\/wp\/v2\/comments?post=33"}],"version-history":[{"count":1,"href":"https:\/\/ketonen-import.com\/fi\/wp-json\/wp\/v2\/pages\/33\/revisions"}],"predecessor-version":[{"id":34,"href":"https:\/\/ketonen-import.com\/fi\/wp-json\/wp\/v2\/pages\/33\/revisions\/34"}],"wp:attachment":[{"href":"https:\/\/ketonen-import.com\/fi\/wp-json\/wp\/v2\/media?parent=33"}],"curies":[{"name":"wp","href":"https:\/\/api.w.org\/{rel}","templated":true}]}}